{"id":2794,"date":"2025-07-12T13:11:47","date_gmt":"2025-07-12T13:11:47","guid":{"rendered":"https:\/\/solucionesenclimatizacion.com.ar\/web\/?page_id=2794"},"modified":"2025-07-14T22:22:58","modified_gmt":"2025-07-14T22:22:58","slug":"reparacion-de-heladeras-comerciales","status":"publish","type":"page","link":"https:\/\/solucionesenclimatizacion.com.ar\/web\/reparacion-de-heladeras-comerciales\/","title":{"rendered":"Reparaci\u00f3n de Heladeras Comerciales"},"content":{"rendered":"\t\t<div data-elementor-type=\"wp-page\" data-elementor-id=\"2794\" class=\"elementor elementor-2794\">\n\t\t\t\t<div class=\"elementor-element elementor-element-2ad0211 e-flex e-con-boxed e-con e-parent\" data-id=\"2ad0211\" data-element_type=\"container\" data-e-type=\"container\">\n\t\t\t\t\t<div class=\"e-con-inner\">\n\t\t\t\t<div class=\"elementor-element elementor-element-8d70479 elementor-widget elementor-widget-rakarsectiontitle\" data-id=\"8d70479\" data-element_type=\"widget\" data-e-type=\"widget\" data-widget_type=\"rakarsectiontitle.default\">\n\t\t\t\t<div class=\"elementor-widget-container\">\n\t\t\t\t\t\t\t<div class=\"title-area  \">\r\n\t\t\t<span class=\"sub-title \"><span class=\"line\"><\/span><img decoding=\"async\" src=\"https:\/\/solucionesenclimatizacion.com.ar\/web\/wp-content\/plugins\/rakar-core\/assets\/img\/title_icon2.svg\" alt=\"Shape\">Soluciones en Climatizaci\u00f3n<\/span><h2 class=\"sec-title \">\u00bfTu heladera comercial no enfr\u00eda bien? \u00a1Nosotros la reparamos!<\/h2><p>En Soluciones en Climatizaci\u00f3n entendemos que una heladera comercial en mal estado puede afectar gravemente el funcionamiento de tu negocio. Por eso ofrecemos un servicio profesional de reparaci\u00f3n de heladeras comerciales con t\u00e9cnicos altamente capacitados y experiencia en equipos de uso intensivo.<\/p>\t\t<\/div>\r\n\r\n\t\t\t\t\t<\/div>\n\t\t\t\t<\/div>\n\t\t\t\t<div class=\"elementor-element elementor-element-e095d17 elementor-widget elementor-widget-rakargallery\" data-id=\"e095d17\" data-element_type=\"widget\" data-e-type=\"widget\" data-widget_type=\"rakargallery.default\">\n\t\t\t\t<div class=\"elementor-widget-container\">\n\t\t\t\t\t<div class=\"row gy-30 filter-active overlay-direction\"><div class=\"cat2 col-xl-3 col-md-6 filter-item  th-gallery-loop\"><div class=\"gallery-card\"><a class=\"box-img popup-image\" href=\"https:\/\/solucionesenclimatizacion.com.ar\/web\/wp-content\/uploads\/2025\/07\/f8.jpg\"><img decoding=\"async\" src=\"https:\/\/solucionesenclimatizacion.com.ar\/web\/wp-content\/uploads\/2025\/07\/f8.jpg\" alt=\"Reparaci\u00f3n de Heladeras Comerciales\"  \/><div class=\"box-content\"><span class=\"box-btn\"><i class=\"fal fa-plus\"><\/i><\/span><\/div><\/a><\/div><\/div><div class=\"cat2 col-xl-3 col-md-6 filter-item  th-gallery-loop\"><div class=\"gallery-card\"><a class=\"box-img popup-image\" href=\"https:\/\/solucionesenclimatizacion.com.ar\/web\/wp-content\/uploads\/2025\/07\/f7.jpg\"><img decoding=\"async\" src=\"https:\/\/solucionesenclimatizacion.com.ar\/web\/wp-content\/uploads\/2025\/07\/f7.jpg\" alt=\"Reparaci\u00f3n de Heladeras Comerciales\"  \/><div class=\"box-content\"><span class=\"box-btn\"><i class=\"fal fa-plus\"><\/i><\/span><\/div><\/a><\/div><\/div><div class=\"cat2 col-xl-3 col-md-6 filter-item  th-gallery-loop\"><div class=\"gallery-card\"><a class=\"box-img popup-image\" href=\"https:\/\/solucionesenclimatizacion.com.ar\/web\/wp-content\/uploads\/2025\/07\/f6.jpg\"><img decoding=\"async\" src=\"https:\/\/solucionesenclimatizacion.com.ar\/web\/wp-content\/uploads\/2025\/07\/f6.jpg\" alt=\"Reparaci\u00f3n de Heladeras Comerciales\"  \/><div class=\"box-content\"><span class=\"box-btn\"><i class=\"fal fa-plus\"><\/i><\/span><\/div><\/a><\/div><\/div><div class=\"cat2 col-xl-3 col-md-6 filter-item  th-gallery-loop\"><div class=\"gallery-card\"><a class=\"box-img popup-image\" href=\"https:\/\/solucionesenclimatizacion.com.ar\/web\/wp-content\/uploads\/2025\/07\/f4.jpg\"><img decoding=\"async\" src=\"https:\/\/solucionesenclimatizacion.com.ar\/web\/wp-content\/uploads\/2025\/07\/f4.jpg\" alt=\"Reparaci\u00f3n de Heladeras Comerciales\"  \/><div class=\"box-content\"><span class=\"box-btn\"><i class=\"fal fa-plus\"><\/i><\/span><\/div><\/a><\/div><\/div><\/div>\t\t\t\t<\/div>\n\t\t\t\t<\/div>\n\t\t\t\t<div class=\"elementor-element elementor-element-446b3d9 elementor-widget elementor-widget-rakarsectiontitle\" data-id=\"446b3d9\" data-element_type=\"widget\" data-e-type=\"widget\" data-widget_type=\"rakarsectiontitle.default\">\n\t\t\t\t<div class=\"elementor-widget-container\">\n\t\t\t\t\t\t\t<div class=\"title-area  \">\r\n\t\t\t<span class=\"sub-title \"><span class=\"line\"><\/span><img decoding=\"async\" src=\"https:\/\/solucionesenclimatizacion.com.ar\/web\/wp-content\/plugins\/rakar-core\/assets\/img\/title_icon2.svg\" alt=\"Shape\">Soluciones en Climatizaci\u00f3n<\/span><h2 class=\"sec-title \">Qu\u00e9 problemas resolvemos?<\/h2><p>\ud83d\udfe7 P\u00e9rdida de fr\u00edo o fluctuaciones de temperatura. <br>\n\ud83d\udfe7 Motor o compresor con fallas.<br>\n\ud83d\udfe7 Puertas que no sellan correctamente.<br>\n\ud83d\udfe7 Problemas en el termostato.<br>\n\ud83d\udfe7 Fugas de gas refrigerante.<\/p>\t\t<\/div>\r\n\r\n\t\t\t\t\t<\/div>\n\t\t\t\t<\/div>\n\t\t\t\t<div class=\"elementor-element elementor-element-d7bc3dc elementor-widget elementor-widget-rakarsectiontitle\" data-id=\"d7bc3dc\" data-element_type=\"widget\" data-e-type=\"widget\" data-widget_type=\"rakarsectiontitle.default\">\n\t\t\t\t<div class=\"elementor-widget-container\">\n\t\t\t\t\t\t\t<div class=\"title-area  \">\r\n\t\t\t<span class=\"sub-title \"><span class=\"line\"><\/span><img decoding=\"async\" src=\"https:\/\/solucionesenclimatizacion.com.ar\/web\/wp-content\/plugins\/rakar-core\/assets\/img\/title_icon2.svg\" alt=\"Shape\">Soluciones en Climatizaci\u00f3n<\/span><h2 class=\"sec-title \">Equipos que reparamos<\/h2><p>\ud83d\udfe7 Heladeras verticales para bebidas<br>\n\n\ud83d\udfe7 Freezers horizontales y verticales<br>\n\n\ud83d\udfe7 Exhibidoras comerciales<br>\n\n\ud83d\udfe7 Conservadoras y equipos de fr\u00edo para supermercados<br>\n<br>\nAtendemos marcas nacionales e importadas.<\/p>\t\t<\/div>\r\n\r\n\t\t\t\t\t<\/div>\n\t\t\t\t<\/div>\n\t\t\t\t<div class=\"elementor-element elementor-element-dffc788 elementor-widget elementor-widget-rakargallery\" data-id=\"dffc788\" data-element_type=\"widget\" data-e-type=\"widget\" data-widget_type=\"rakargallery.default\">\n\t\t\t\t<div class=\"elementor-widget-container\">\n\t\t\t\t\t<div class=\"row gy-30 filter-active overlay-direction\"><div class=\"cat2 col-xl-3 col-md-6 filter-item  th-gallery-loop\"><div class=\"gallery-card\"><a class=\"box-img popup-image\" href=\"https:\/\/solucionesenclimatizacion.com.ar\/web\/wp-content\/uploads\/2025\/07\/f3.jpg\"><img decoding=\"async\" src=\"https:\/\/solucionesenclimatizacion.com.ar\/web\/wp-content\/uploads\/2025\/07\/f3.jpg\" alt=\"Reparaci\u00f3n de Heladeras Comerciales\"  \/><div class=\"box-content\"><span class=\"box-btn\"><i class=\"fal fa-plus\"><\/i><\/span><\/div><\/a><\/div><\/div><div class=\"cat2 col-xl-3 col-md-6 filter-item  th-gallery-loop\"><div class=\"gallery-card\"><a class=\"box-img popup-image\" href=\"https:\/\/solucionesenclimatizacion.com.ar\/web\/wp-content\/uploads\/2025\/07\/f2.jpg\"><img decoding=\"async\" src=\"https:\/\/solucionesenclimatizacion.com.ar\/web\/wp-content\/uploads\/2025\/07\/f2.jpg\" alt=\"Reparaci\u00f3n de Heladeras Comerciales\"  \/><div class=\"box-content\"><span class=\"box-btn\"><i class=\"fal fa-plus\"><\/i><\/span><\/div><\/a><\/div><\/div><div class=\"cat2 col-xl-3 col-md-6 filter-item  th-gallery-loop\"><div class=\"gallery-card\"><a class=\"box-img popup-image\" href=\"https:\/\/solucionesenclimatizacion.com.ar\/web\/wp-content\/uploads\/2025\/07\/F1.jpg\"><img decoding=\"async\" src=\"https:\/\/solucionesenclimatizacion.com.ar\/web\/wp-content\/uploads\/2025\/07\/F1.jpg\" alt=\"Reparaci\u00f3n de Heladeras Comerciales\"  \/><div class=\"box-content\"><span class=\"box-btn\"><i class=\"fal fa-plus\"><\/i><\/span><\/div><\/a><\/div><\/div><div class=\"cat2 col-xl-3 col-md-6 filter-item  th-gallery-loop\"><div class=\"gallery-card\"><a class=\"box-img popup-image\" href=\"https:\/\/solucionesenclimatizacion.com.ar\/web\/wp-content\/uploads\/2025\/07\/refrigeracion-8.jpeg\"><img decoding=\"async\" src=\"https:\/\/solucionesenclimatizacion.com.ar\/web\/wp-content\/uploads\/2025\/07\/refrigeracion-8.jpeg\" alt=\"Reparaci\u00f3n de Heladeras Comerciales\"  \/><div class=\"box-content\"><span class=\"box-btn\"><i class=\"fal fa-plus\"><\/i><\/span><\/div><\/a><\/div><\/div><\/div>\t\t\t\t<\/div>\n\t\t\t\t<\/div>\n\t\t\t\t<div class=\"elementor-element elementor-element-cfb19b1 elementor-widget elementor-widget-rakarsectiontitle\" data-id=\"cfb19b1\" data-element_type=\"widget\" data-e-type=\"widget\" data-widget_type=\"rakarsectiontitle.default\">\n\t\t\t\t<div class=\"elementor-widget-container\">\n\t\t\t\t\t\t\t<div class=\"title-area  \">\r\n\t\t\t<span class=\"sub-title \"><img decoding=\"async\" src=\"https:\/\/solucionesenclimatizacion.com.ar\/web\/wp-content\/plugins\/rakar-core\/assets\/img\/title_icon.svg\" alt=\"Shape\">Soluciones en Climatizaci\u00f3n<\/span><h2 class=\"sec-title \">\u00bfC\u00f3mo trabajamos?<\/h2><p>Coordinamos una visita r\u00e1pida a tu local para hacer el diagn\u00f3stico t\u00e9cnico. Reparamos en el lugar o retiramos el equipo si es necesario. Sabemos que cada minuto cuenta, por eso trabajamos con rapidez y eficiencia para minimizar el impacto en tu operaci\u00f3n.<\/p>\t\t<\/div>\r\n\r\n\t\t\t\t\t<\/div>\n\t\t\t\t<\/div>\n\t\t\t\t<div class=\"elementor-element elementor-element-de8518c elementor-widget elementor-widget-rakarfaq\" data-id=\"de8518c\" data-element_type=\"widget\" data-e-type=\"widget\" data-widget_type=\"rakarfaq.default\">\n\t\t\t\t<div class=\"elementor-widget-container\">\n\t\t\t\t\t<div class=\"accordion\" id=\"faqAccordion1\"><div class=\"accordion-card active\"><div class=\"accordion-header\" id=\"collapse-item-6a05fda282238\"><button class=\"accordion-button \" type=\"button\" data-bs-toggle=\"collapse\" data-bs-target=\"#collapse-6a05fda282238\" aria-expanded=\"true\" aria-controls=\"collapse-6a05fda282238\">\u00bfTrabajan con locales fuera de CABA?<\/button><\/div><div id=\"collapse-6a05fda282238\" class=\"accordion-collapse collapse show\" aria-labelledby=\"collapse-item-6a05fda282238\" data-bs-parent=\"#faqAccordion1\"><div class=\"accordion-body\"><p data-pm-slice=\"1 1 []\">S\u00ed, cubrimos tambi\u00e9n toda la zona de Gran Buenos Aires.<\/p><\/div><\/div><\/div><div class=\"accordion-card \"><div class=\"accordion-header\" id=\"collapse-item-6a05fda282275\"><button class=\"accordion-button collapsed\" type=\"button\" data-bs-toggle=\"collapse\" data-bs-target=\"#collapse-6a05fda282275\" aria-expanded=\"false\" aria-controls=\"collapse-6a05fda282275\">\u00bfAtienden marcas importadas?<\/button><\/div><div id=\"collapse-6a05fda282275\" class=\"accordion-collapse collapse \" aria-labelledby=\"collapse-item-6a05fda282275\" data-bs-parent=\"#faqAccordion1\"><div class=\"accordion-body\"><p>S\u00ed, tenemos experiencia en equipos nacionales y del exterior.<\/p><\/div><\/div><\/div><div class=\"accordion-card \"><div class=\"accordion-header\" id=\"collapse-item-6a05fda282290\"><button class=\"accordion-button collapsed\" type=\"button\" data-bs-toggle=\"collapse\" data-bs-target=\"#collapse-6a05fda282290\" aria-expanded=\"false\" aria-controls=\"collapse-6a05fda282290\">\u00bfHacen mantenimiento adem\u00e1s de reparaciones?<\/button><\/div><div id=\"collapse-6a05fda282290\" class=\"accordion-collapse collapse \" aria-labelledby=\"collapse-item-6a05fda282290\" data-bs-parent=\"#faqAccordion1\"><div class=\"accordion-body\"><p data-pm-slice=\"1 1 []\">S\u00ed, ofrecemos mantenimiento preventivo para extender la vida \u00fatil de tus equipos.<\/p><\/div><\/div><\/div><div class=\"accordion-card \"><div class=\"accordion-header\" id=\"collapse-item-6a05fda2822a6\"><button class=\"accordion-button collapsed\" type=\"button\" data-bs-toggle=\"collapse\" data-bs-target=\"#collapse-6a05fda2822a6\" aria-expanded=\"false\" aria-controls=\"collapse-6a05fda2822a6\">\u00bfQu\u00e9 garant\u00eda ofrecen?<\/button><\/div><div id=\"collapse-6a05fda2822a6\" class=\"accordion-collapse collapse \" aria-labelledby=\"collapse-item-6a05fda2822a6\" data-bs-parent=\"#faqAccordion1\"><div class=\"accordion-body\"><p data-pm-slice=\"1 1 []\">Todas nuestras reparaciones cuentan con garant\u00eda escrita.<\/p><\/div><\/div><\/div><\/div>\t\t\t\t<\/div>\n\t\t\t\t<\/div>\n\t\t\t\t<div class=\"elementor-element elementor-element-420b303 elementor-widget elementor-widget-rakargallery\" data-id=\"420b303\" data-element_type=\"widget\" data-e-type=\"widget\" data-widget_type=\"rakargallery.default\">\n\t\t\t\t<div class=\"elementor-widget-container\">\n\t\t\t\t\t<div class=\"row gy-30 filter-active overlay-direction\"><\/div>\t\t\t\t<\/div>\n\t\t\t\t<\/div>\n\t\t\t\t\t<\/div>\n\t\t\t\t<\/div>\n\t\t<div class=\"elementor-element elementor-element-cf41154 e-flex e-con-boxed e-con e-parent\" data-id=\"cf41154\" data-element_type=\"container\" data-e-type=\"container\">\n\t\t\t\t\t<div class=\"e-con-inner\">\n\t\t\t\t<div class=\"elementor-element elementor-element-a2207d6 elementor-widget elementor-widget-spacer\" data-id=\"a2207d6\" data-element_type=\"widget\" data-e-type=\"widget\" data-widget_type=\"spacer.default\">\n\t\t\t\t<div class=\"elementor-widget-container\">\n\t\t\t\t\t\t\t<div class=\"elementor-spacer\">\n\t\t\t<div class=\"elementor-spacer-inner\"><\/div>\n\t\t<\/div>\n\t\t\t\t\t\t<\/div>\n\t\t\t\t<\/div>\n\t\t\t\t<div class=\"elementor-element elementor-element-6b47cb2 elementor-widget elementor-widget-rakarcta\" data-id=\"6b47cb2\" data-element_type=\"widget\" data-e-type=\"widget\" data-widget_type=\"rakarcta.default\">\n\t\t\t\t<div class=\"elementor-widget-container\">\n\t\t\t\t\t<div class=\"cta-sec1 \" data-bg-src=\"\"><div class=\"cta-img1\"><img decoding=\"async\" src=\"https:\/\/solucionesenclimatizacion.com.ar\/web\/wp-content\/uploads\/2025\/07\/refrigeracion-8.jpeg\" alt=\"Reparaci\u00f3n de Heladeras Comerciales\"  \/><\/div><div class=\"cta-content\"><h2 class=\"sec-title mb-37\">Reparaci\u00f3n de Heladeras Comerciales<\/h2><div class=\"btn-group justify-content-center\"><a href=\"https:\/\/api.whatsapp.com\/send?phone=5491133151975\" class=\"th-btn2 th_btn\">Consultanos<i class=\"far fa-arrow-right\"><\/i><\/a><div class=\"call-btn\"><div class=\"play-btn\"><i class=\"fal fa-phone\"><\/i><\/div><div class=\"media-body\"><p class=\"box-label text-white\">Llamanos<\/p><h6 class=\"box-link text-white\">11 6657-7026<\/h6><\/div><\/div><\/div><\/div><\/div>\t\t\t\t<\/div>\n\t\t\t\t<\/div>\n\t\t\t\t\t<\/div>\n\t\t\t\t<\/div>\n\t\t\t\t<\/div>\n\t\t","protected":false},"excerpt":{"rendered":"<p>Soluciones en Climatizaci\u00f3n \u00bfEn qu\u00e9 consiste nuestro servicio? Lorem ipsum dolor sit amet, consectetur adipiscing elit. Ut elit tellus, luctus nec ullamcorper mattis, pulvinar dapibus leo.Lorem ipsum dolor sit amet, consectetur adipiscing elit. Ut elit tellus, luctus nec ullamcorper mattis, pulvinar dapibus leo.Lorem ipsum dolor sit amet, consectetur adipiscing elit. Ut elit tellus, luctus nec&#8230;<\/p>\n","protected":false},"author":3,"featured_media":2809,"parent":0,"menu_order":0,"comment_status":"closed","ping_status":"closed","template":"","meta":{"footnotes":""},"class_list":["post-2794","page","type-page","status-publish","has-post-thumbnail","hentry"],"yoast_head":"<!-- This site is optimized with the Yoast SEO plugin v27.6 - https:\/\/yoast.com\/product\/yoast-seo-wordpress\/ -->\n<title>Reparaci\u00f3n de Heladeras Comerciales - Soluciones en Climatizaci\u00f3n<\/title>\n<meta name=\"description\" content=\"Servicio t\u00e9cnico de reparaci\u00f3n de heladeras comerciales en CABA y GBA. Atenci\u00f3n r\u00e1pida, repuestos garantizados y soluciones efectivas.\" \/>\n<meta name=\"robots\" content=\"index, follow, max-snippet:-1, max-image-preview:large, max-video-preview:-1\" \/>\n<link rel=\"canonical\" href=\"https:\/\/solucionesenclimatizacion.com.ar\/web\/reparacion-de-heladeras-comerciales\/\" \/>\n<meta property=\"og:locale\" content=\"es_ES\" \/>\n<meta property=\"og:type\" content=\"article\" \/>\n<meta property=\"og:title\" content=\"Reparaci\u00f3n de Heladeras Comerciales - Soluciones en Climatizaci\u00f3n\" \/>\n<meta property=\"og:description\" content=\"Servicio t\u00e9cnico de reparaci\u00f3n de heladeras comerciales en CABA y GBA. Atenci\u00f3n r\u00e1pida, repuestos garantizados y soluciones efectivas.\" \/>\n<meta property=\"og:url\" content=\"https:\/\/solucionesenclimatizacion.com.ar\/web\/reparacion-de-heladeras-comerciales\/\" \/>\n<meta property=\"og:site_name\" content=\"Soluciones en Climatizaci\u00f3n\" \/>\n<meta property=\"article:modified_time\" content=\"2025-07-14T22:22:58+00:00\" \/>\n<meta property=\"og:image\" content=\"https:\/\/solucionesenclimatizacion.com.ar\/web\/wp-content\/uploads\/2025\/07\/refrigeracion-8.jpeg\" \/>\n\t<meta property=\"og:image:width\" content=\"1600\" \/>\n\t<meta property=\"og:image:height\" content=\"1200\" \/>\n\t<meta property=\"og:image:type\" content=\"image\/jpeg\" \/>\n<meta name=\"twitter:card\" content=\"summary_large_image\" \/>\n<meta name=\"twitter:label1\" content=\"Tiempo de lectura\" \/>\n\t<meta name=\"twitter:data1\" content=\"2 minutos\" \/>\n<script type=\"application\/ld+json\" class=\"yoast-schema-graph\">{\"@context\":\"https:\\\/\\\/schema.org\",\"@graph\":[{\"@type\":\"WebPage\",\"@id\":\"https:\\\/\\\/solucionesenclimatizacion.com.ar\\\/web\\\/reparacion-de-heladeras-comerciales\\\/\",\"url\":\"https:\\\/\\\/solucionesenclimatizacion.com.ar\\\/web\\\/reparacion-de-heladeras-comerciales\\\/\",\"name\":\"Reparaci\u00f3n de Heladeras Comerciales - Soluciones en Climatizaci\u00f3n\",\"isPartOf\":{\"@id\":\"https:\\\/\\\/solucionesenclimatizacion.com.ar\\\/web\\\/#website\"},\"primaryImageOfPage\":{\"@id\":\"https:\\\/\\\/solucionesenclimatizacion.com.ar\\\/web\\\/reparacion-de-heladeras-comerciales\\\/#primaryimage\"},\"image\":{\"@id\":\"https:\\\/\\\/solucionesenclimatizacion.com.ar\\\/web\\\/reparacion-de-heladeras-comerciales\\\/#primaryimage\"},\"thumbnailUrl\":\"https:\\\/\\\/solucionesenclimatizacion.com.ar\\\/web\\\/wp-content\\\/uploads\\\/2025\\\/07\\\/refrigeracion-8.jpeg\",\"datePublished\":\"2025-07-12T13:11:47+00:00\",\"dateModified\":\"2025-07-14T22:22:58+00:00\",\"description\":\"Servicio t\u00e9cnico de reparaci\u00f3n de heladeras comerciales en CABA y GBA. Atenci\u00f3n r\u00e1pida, repuestos garantizados y soluciones efectivas.\",\"breadcrumb\":{\"@id\":\"https:\\\/\\\/solucionesenclimatizacion.com.ar\\\/web\\\/reparacion-de-heladeras-comerciales\\\/#breadcrumb\"},\"inLanguage\":\"es\",\"potentialAction\":[{\"@type\":\"ReadAction\",\"target\":[\"https:\\\/\\\/solucionesenclimatizacion.com.ar\\\/web\\\/reparacion-de-heladeras-comerciales\\\/\"]}]},{\"@type\":\"ImageObject\",\"inLanguage\":\"es\",\"@id\":\"https:\\\/\\\/solucionesenclimatizacion.com.ar\\\/web\\\/reparacion-de-heladeras-comerciales\\\/#primaryimage\",\"url\":\"https:\\\/\\\/solucionesenclimatizacion.com.ar\\\/web\\\/wp-content\\\/uploads\\\/2025\\\/07\\\/refrigeracion-8.jpeg\",\"contentUrl\":\"https:\\\/\\\/solucionesenclimatizacion.com.ar\\\/web\\\/wp-content\\\/uploads\\\/2025\\\/07\\\/refrigeracion-8.jpeg\",\"width\":\"1600\",\"height\":\"1200\",\"caption\":\"Reparaci\u00f3n de Heladeras Comerciales\"},{\"@type\":\"BreadcrumbList\",\"@id\":\"https:\\\/\\\/solucionesenclimatizacion.com.ar\\\/web\\\/reparacion-de-heladeras-comerciales\\\/#breadcrumb\",\"itemListElement\":[{\"@type\":\"ListItem\",\"position\":1,\"name\":\"Portada\",\"item\":\"https:\\\/\\\/solucionesenclimatizacion.com.ar\\\/web\\\/\"},{\"@type\":\"ListItem\",\"position\":2,\"name\":\"Reparaci\u00f3n de Heladeras Comerciales\"}]},{\"@type\":\"WebSite\",\"@id\":\"https:\\\/\\\/solucionesenclimatizacion.com.ar\\\/web\\\/#website\",\"url\":\"https:\\\/\\\/solucionesenclimatizacion.com.ar\\\/web\\\/\",\"name\":\"Soluciones en Climatizaci\u00f3n\",\"description\":\"\",\"potentialAction\":[{\"@type\":\"SearchAction\",\"target\":{\"@type\":\"EntryPoint\",\"urlTemplate\":\"https:\\\/\\\/solucionesenclimatizacion.com.ar\\\/web\\\/?s={search_term_string}\"},\"query-input\":{\"@type\":\"PropertyValueSpecification\",\"valueRequired\":true,\"valueName\":\"search_term_string\"}}],\"inLanguage\":\"es\"}]}<\/script>\n<!-- \/ Yoast SEO plugin. -->","yoast_head_json":{"title":"Reparaci\u00f3n de Heladeras Comerciales - Soluciones en Climatizaci\u00f3n","description":"Servicio t\u00e9cnico de reparaci\u00f3n de heladeras comerciales en CABA y GBA. Atenci\u00f3n r\u00e1pida, repuestos garantizados y soluciones efectivas.","robots":{"index":"index","follow":"follow","max-snippet":"max-snippet:-1","max-image-preview":"max-image-preview:large","max-video-preview":"max-video-preview:-1"},"canonical":"https:\/\/solucionesenclimatizacion.com.ar\/web\/reparacion-de-heladeras-comerciales\/","og_locale":"es_ES","og_type":"article","og_title":"Reparaci\u00f3n de Heladeras Comerciales - Soluciones en Climatizaci\u00f3n","og_description":"Servicio t\u00e9cnico de reparaci\u00f3n de heladeras comerciales en CABA y GBA. Atenci\u00f3n r\u00e1pida, repuestos garantizados y soluciones efectivas.","og_url":"https:\/\/solucionesenclimatizacion.com.ar\/web\/reparacion-de-heladeras-comerciales\/","og_site_name":"Soluciones en Climatizaci\u00f3n","article_modified_time":"2025-07-14T22:22:58+00:00","og_image":[{"width":1600,"height":1200,"url":"https:\/\/solucionesenclimatizacion.com.ar\/web\/wp-content\/uploads\/2025\/07\/refrigeracion-8.jpeg","type":"image\/jpeg"}],"twitter_card":"summary_large_image","twitter_misc":{"Tiempo de lectura":"2 minutos"},"schema":{"@context":"https:\/\/schema.org","@graph":[{"@type":"WebPage","@id":"https:\/\/solucionesenclimatizacion.com.ar\/web\/reparacion-de-heladeras-comerciales\/","url":"https:\/\/solucionesenclimatizacion.com.ar\/web\/reparacion-de-heladeras-comerciales\/","name":"Reparaci\u00f3n de Heladeras Comerciales - Soluciones en Climatizaci\u00f3n","isPartOf":{"@id":"https:\/\/solucionesenclimatizacion.com.ar\/web\/#website"},"primaryImageOfPage":{"@id":"https:\/\/solucionesenclimatizacion.com.ar\/web\/reparacion-de-heladeras-comerciales\/#primaryimage"},"image":{"@id":"https:\/\/solucionesenclimatizacion.com.ar\/web\/reparacion-de-heladeras-comerciales\/#primaryimage"},"thumbnailUrl":"https:\/\/solucionesenclimatizacion.com.ar\/web\/wp-content\/uploads\/2025\/07\/refrigeracion-8.jpeg","datePublished":"2025-07-12T13:11:47+00:00","dateModified":"2025-07-14T22:22:58+00:00","description":"Servicio t\u00e9cnico de reparaci\u00f3n de heladeras comerciales en CABA y GBA. Atenci\u00f3n r\u00e1pida, repuestos garantizados y soluciones efectivas.","breadcrumb":{"@id":"https:\/\/solucionesenclimatizacion.com.ar\/web\/reparacion-de-heladeras-comerciales\/#breadcrumb"},"inLanguage":"es","potentialAction":[{"@type":"ReadAction","target":["https:\/\/solucionesenclimatizacion.com.ar\/web\/reparacion-de-heladeras-comerciales\/"]}]},{"@type":"ImageObject","inLanguage":"es","@id":"https:\/\/solucionesenclimatizacion.com.ar\/web\/reparacion-de-heladeras-comerciales\/#primaryimage","url":"https:\/\/solucionesenclimatizacion.com.ar\/web\/wp-content\/uploads\/2025\/07\/refrigeracion-8.jpeg","contentUrl":"https:\/\/solucionesenclimatizacion.com.ar\/web\/wp-content\/uploads\/2025\/07\/refrigeracion-8.jpeg","width":"1600","height":"1200","caption":"Reparaci\u00f3n de Heladeras Comerciales"},{"@type":"BreadcrumbList","@id":"https:\/\/solucionesenclimatizacion.com.ar\/web\/reparacion-de-heladeras-comerciales\/#breadcrumb","itemListElement":[{"@type":"ListItem","position":1,"name":"Portada","item":"https:\/\/solucionesenclimatizacion.com.ar\/web\/"},{"@type":"ListItem","position":2,"name":"Reparaci\u00f3n de Heladeras Comerciales"}]},{"@type":"WebSite","@id":"https:\/\/solucionesenclimatizacion.com.ar\/web\/#website","url":"https:\/\/solucionesenclimatizacion.com.ar\/web\/","name":"Soluciones en Climatizaci\u00f3n","description":"","potentialAction":[{"@type":"SearchAction","target":{"@type":"EntryPoint","urlTemplate":"https:\/\/solucionesenclimatizacion.com.ar\/web\/?s={search_term_string}"},"query-input":{"@type":"PropertyValueSpecification","valueRequired":true,"valueName":"search_term_string"}}],"inLanguage":"es"}]}},"_links":{"self":[{"href":"https:\/\/solucionesenclimatizacion.com.ar\/web\/wp-json\/wp\/v2\/pages\/2794","targetHints":{"allow":["GET"]}}],"collection":[{"href":"https:\/\/solucionesenclimatizacion.com.ar\/web\/wp-json\/wp\/v2\/pages"}],"about":[{"href":"https:\/\/solucionesenclimatizacion.com.ar\/web\/wp-json\/wp\/v2\/types\/page"}],"author":[{"embeddable":true,"href":"https:\/\/solucionesenclimatizacion.com.ar\/web\/wp-json\/wp\/v2\/users\/3"}],"replies":[{"embeddable":true,"href":"https:\/\/solucionesenclimatizacion.com.ar\/web\/wp-json\/wp\/v2\/comments?post=2794"}],"version-history":[{"count":15,"href":"https:\/\/solucionesenclimatizacion.com.ar\/web\/wp-json\/wp\/v2\/pages\/2794\/revisions"}],"predecessor-version":[{"id":2988,"href":"https:\/\/solucionesenclimatizacion.com.ar\/web\/wp-json\/wp\/v2\/pages\/2794\/revisions\/2988"}],"wp:featuredmedia":[{"embeddable":true,"href":"https:\/\/solucionesenclimatizacion.com.ar\/web\/wp-json\/wp\/v2\/media\/2809"}],"wp:attachment":[{"href":"https:\/\/solucionesenclimatizacion.com.ar\/web\/wp-json\/wp\/v2\/media?parent=2794"}],"curies":[{"name":"wp","href":"https:\/\/api.w.org\/{rel}","templated":true}]}}