{"id":39,"date":"2024-07-14T08:49:27","date_gmt":"2024-07-14T08:49:27","guid":{"rendered":"https:\/\/wordpress.themeholy.com\/rakar\/?page_id=39"},"modified":"2025-01-05T16:45:06","modified_gmt":"2025-01-05T16:45:06","slug":"preguntas-frecuentes","status":"publish","type":"page","link":"https:\/\/solucionesenclimatizacion.com.ar\/web\/preguntas-frecuentes\/","title":{"rendered":"Preguntas Frecuentes"},"content":{"rendered":"\t\t<div data-elementor-type=\"wp-page\" data-elementor-id=\"39\" class=\"elementor elementor-39\">\n\t\t\t\t<div class=\"elementor-element elementor-element-85e81ce e-con-full e-flex e-con e-parent\" data-id=\"85e81ce\" data-element_type=\"container\" data-e-type=\"container\">\n\t\t<div class=\"elementor-element elementor-element-77bdaa8 e-flex e-con-boxed e-con e-child\" data-id=\"77bdaa8\" data-element_type=\"container\" data-e-type=\"container\">\n\t\t\t\t\t<div class=\"e-con-inner\">\n\t\t\t\t<div class=\"elementor-element elementor-element-3f64e2d elementor-widget__width-initial elementor-widget elementor-widget-rakarsectiontitle\" data-id=\"3f64e2d\" data-element_type=\"widget\" data-e-type=\"widget\" data-widget_type=\"rakarsectiontitle.default\">\n\t\t\t\t<div class=\"elementor-widget-container\">\n\t\t\t\t\t\t\t<div class=\"title-area text-center \">\r\n\t\t\t<h2 class=\"sec-title \">Preguntas Frecuentes (FAQ)<\/h2><p>\u00bfTiene preguntas para las que desea respuestas?<\/p>\t\t<\/div>\r\n\r\n\t\t\t\t\t<\/div>\n\t\t\t\t<\/div>\n\t\t\t\t<div class=\"elementor-element elementor-element-98e5466 elementor-widget elementor-widget-rakarfaq\" data-id=\"98e5466\" data-element_type=\"widget\" data-e-type=\"widget\" data-widget_type=\"rakarfaq.default\">\n\t\t\t\t<div class=\"elementor-widget-container\">\n\t\t\t\t\t<div class=\"accordion-1 accordion load-more-active\" id=\"faqAccordion1\"><div class=\"accordion-card active th-faq-loop\"><div class=\"accordion-header\" id=\"collapse-item-6a06072bcb2f5\"><button class=\"accordion-button \" type=\"button\" data-bs-toggle=\"collapse\" data-bs-target=\"#collapse-6a06072bcb2f5\" aria-expanded=\"true\" aria-controls=\"collapse-6a06072bcb2f5\">1. \u00bfCu\u00e1nto tiempo demora la instalaci\u00f3n de un aire acondicionado?<\/button><\/div><div id=\"collapse-6a06072bcb2f5\" class=\"accordion-collapse collapse show\" aria-labelledby=\"collapse-item-6a06072bcb2f5\" data-bs-parent=\"#faqAccordion1\"><div class=\"accordion-body\"><p>La instalaci\u00f3n de un equipo split est\u00e1ndar suele llevar entre 3 y 4 horas, dependiendo de las caracter\u00edsticas del lugar. Nuestros t\u00e9cnicos trabajan para garantizar un servicio r\u00e1pido y de calidad.<\/p><\/div><\/div><\/div><div class=\"accordion-card  th-faq-loop\"><div class=\"accordion-header\" id=\"collapse-item-6a06072bcb35c\"><button class=\"accordion-button collapsed\" type=\"button\" data-bs-toggle=\"collapse\" data-bs-target=\"#collapse-6a06072bcb35c\" aria-expanded=\"false\" aria-controls=\"collapse-6a06072bcb35c\">2. \u00bfQu\u00e9 incluye el mantenimiento preventivo de un aire acondicionado?<\/button><\/div><div id=\"collapse-6a06072bcb35c\" class=\"accordion-collapse collapse \" aria-labelledby=\"collapse-item-6a06072bcb35c\" data-bs-parent=\"#faqAccordion1\"><div class=\"accordion-body\"><p>El mantenimiento incluye:<\/p><ul><li>Limpieza de filtros y serpentines.<\/li><li>Revisi\u00f3n del nivel de gas refrigerante.<\/li><li>Inspecci\u00f3n del estado general del equipo.<br \/>Esto ayuda a prevenir fallas y prolonga la vida \u00fatil del aire acondicionado.<\/li><\/ul><\/div><\/div><\/div><div class=\"accordion-card  th-faq-loop\"><div class=\"accordion-header\" id=\"collapse-item-6a06072bcb3a4\"><button class=\"accordion-button collapsed\" type=\"button\" data-bs-toggle=\"collapse\" data-bs-target=\"#collapse-6a06072bcb3a4\" aria-expanded=\"false\" aria-controls=\"collapse-6a06072bcb3a4\">3. \u00bfCu\u00e1les son las se\u00f1ales de que mi heladera necesita reparaci\u00f3n?<\/button><\/div><div id=\"collapse-6a06072bcb3a4\" class=\"accordion-collapse collapse \" aria-labelledby=\"collapse-item-6a06072bcb3a4\" data-bs-parent=\"#faqAccordion1\"><div class=\"accordion-body\"><p>Algunas se\u00f1ales comunes incluyen:<\/p><ul><li>No enfr\u00eda correctamente.<\/li><li>Ruidos inusuales.<\/li><li>Formaci\u00f3n de hielo excesivo en el congelador.<\/li><li>Fugas de agua.<br \/>En caso de notar alguno de estos problemas, cont\u00e1ctanos para un diagn\u00f3stico profesional.<\/li><\/ul><\/div><\/div><\/div><div class=\"accordion-card  th-faq-loop\"><div class=\"accordion-header\" id=\"collapse-item-6a06072bcb3cb\"><button class=\"accordion-button collapsed\" type=\"button\" data-bs-toggle=\"collapse\" data-bs-target=\"#collapse-6a06072bcb3cb\" aria-expanded=\"false\" aria-controls=\"collapse-6a06072bcb3cb\">4. \u00bfTrabajan en horarios de emergencia?<\/button><\/div><div id=\"collapse-6a06072bcb3cb\" class=\"accordion-collapse collapse \" aria-labelledby=\"collapse-item-6a06072bcb3cb\" data-bs-parent=\"#faqAccordion1\"><div class=\"accordion-body\"><p>S\u00ed, ofrecemos atenci\u00f3n especial para emergencias fuera de nuestro horario habitual. Cont\u00e1ctanos al <strong>+54 9 11 6657-7026<\/strong> para m\u00e1s detalles.<\/p><\/div><\/div><\/div><div class=\"accordion-card  th-faq-loop\"><div class=\"accordion-header\" id=\"collapse-item-6a06072bcb3e0\"><button class=\"accordion-button collapsed\" type=\"button\" data-bs-toggle=\"collapse\" data-bs-target=\"#collapse-6a06072bcb3e0\" aria-expanded=\"false\" aria-controls=\"collapse-6a06072bcb3e0\">5. \u00bfQu\u00e9 formas de pago aceptan?<\/button><\/div><div id=\"collapse-6a06072bcb3e0\" class=\"accordion-collapse collapse \" aria-labelledby=\"collapse-item-6a06072bcb3e0\" data-bs-parent=\"#faqAccordion1\"><div class=\"accordion-body\"><p>Aceptamos:<\/p><ul><li>Efectivo.<\/li><li>Transferencias bancarias.<\/li><li>Pagos en divisas.<br \/>Adem\u00e1s, ofrecemos opciones de financiamiento seg\u00fan la necesidad del cliente.<\/li><\/ul><\/div><\/div><\/div><div class=\"accordion-card  th-faq-loop\"><div class=\"accordion-header\" id=\"collapse-item-6a06072bcb3fe\"><button class=\"accordion-button collapsed\" type=\"button\" data-bs-toggle=\"collapse\" data-bs-target=\"#collapse-6a06072bcb3fe\" aria-expanded=\"false\" aria-controls=\"collapse-6a06072bcb3fe\">6. \u00bfAtienden tanto a particulares como a empresas?<\/button><\/div><div id=\"collapse-6a06072bcb3fe\" class=\"accordion-collapse collapse \" aria-labelledby=\"collapse-item-6a06072bcb3fe\" data-bs-parent=\"#faqAccordion1\"><div class=\"accordion-body\"><p>S\u00ed, trabajamos con clientes particulares, negocios y empresas, ofreciendo soluciones personalizadas seg\u00fan el tipo de necesidad.<\/p><\/div><\/div><\/div><div class=\"accordion-card  th-faq-loop\"><div class=\"accordion-header\" id=\"collapse-item-6a06072bcb40f\"><button class=\"accordion-button collapsed\" type=\"button\" data-bs-toggle=\"collapse\" data-bs-target=\"#collapse-6a06072bcb40f\" aria-expanded=\"false\" aria-controls=\"collapse-6a06072bcb40f\">7. \u00bfOfrecen garant\u00eda en sus servicios?<\/button><\/div><div id=\"collapse-6a06072bcb40f\" class=\"accordion-collapse collapse \" aria-labelledby=\"collapse-item-6a06072bcb40f\" data-bs-parent=\"#faqAccordion1\"><div class=\"accordion-body\"><p>Todos nuestros trabajos cuentan con garant\u00eda, asegurando la satisfacci\u00f3n y tranquilidad de nuestros clientes.<\/p><\/div><\/div><\/div><div class=\"accordion-card  th-faq-loop\"><div class=\"accordion-header\" id=\"collapse-item-6a06072bcb41d\"><button class=\"accordion-button collapsed\" type=\"button\" data-bs-toggle=\"collapse\" data-bs-target=\"#collapse-6a06072bcb41d\" aria-expanded=\"false\" aria-controls=\"collapse-6a06072bcb41d\">8. \u00bfEl presupuesto tiene costo?<\/button><\/div><div id=\"collapse-6a06072bcb41d\" class=\"accordion-collapse collapse \" aria-labelledby=\"collapse-item-6a06072bcb41d\" data-bs-parent=\"#faqAccordion1\"><div class=\"accordion-body\"><p>Dentro de Capital Federal, ofrecemos visitas y presupuestos sin cargo. En otras zonas, cons\u00faltanos para conocer los t\u00e9rminos.<\/p><\/div><\/div><\/div><div class=\"accordion-card  th-faq-loop\"><div class=\"accordion-header\" id=\"collapse-item-6a06072bcb42b\"><button class=\"accordion-button collapsed\" type=\"button\" data-bs-toggle=\"collapse\" data-bs-target=\"#collapse-6a06072bcb42b\" aria-expanded=\"false\" aria-controls=\"collapse-6a06072bcb42b\">9. \u00bfQu\u00e9 zonas cubren con sus servicios?<\/button><\/div><div id=\"collapse-6a06072bcb42b\" class=\"accordion-collapse collapse \" aria-labelledby=\"collapse-item-6a06072bcb42b\" data-bs-parent=\"#faqAccordion1\"><div class=\"accordion-body\"><p>Trabajamos en toda Capital Federal y el Gran Buenos Aires.<\/p><\/div><\/div><\/div><div class=\"accordion-card  th-faq-loop\"><div class=\"accordion-header\" id=\"collapse-item-6a06072bcb439\"><button class=\"accordion-button collapsed\" type=\"button\" data-bs-toggle=\"collapse\" data-bs-target=\"#collapse-6a06072bcb439\" aria-expanded=\"false\" aria-controls=\"collapse-6a06072bcb439\">10. \u00bfCu\u00e1ndo debo realizar el mantenimiento de mi aire acondicionado?<\/button><\/div><div id=\"collapse-6a06072bcb439\" class=\"accordion-collapse collapse \" aria-labelledby=\"collapse-item-6a06072bcb439\" data-bs-parent=\"#faqAccordion1\"><div class=\"accordion-body\"><p>Recomendamos realizar un mantenimiento preventivo antes de la temporada de verano e invierno para garantizar un rendimiento \u00f3ptimo del equipo.<\/p><\/div><\/div><\/div><div class=\"accordion-card  th-faq-loop\"><div class=\"accordion-header\" id=\"collapse-item-6a06072bcb447\"><button class=\"accordion-button collapsed\" type=\"button\" data-bs-toggle=\"collapse\" data-bs-target=\"#collapse-6a06072bcb447\" aria-expanded=\"false\" aria-controls=\"collapse-6a06072bcb447\">11. \u00bfD\u00f3nde est\u00e1n ubicados?<\/button><\/div><div id=\"collapse-6a06072bcb447\" class=\"accordion-collapse collapse \" aria-labelledby=\"collapse-item-6a06072bcb447\" data-bs-parent=\"#faqAccordion1\"><div class=\"accordion-body\"><p>Nuestra oficina principal est\u00e1 ubicada en Pi y Margall 1048 C1165AFB CABA. Desde all\u00ed, coordinamos servicios para toda Capital Federal y el Gran Buenos Aires.<\/p><\/div><\/div><\/div><\/div><script>\r\n\tjQuery(document).ready(function($) {\r\n\t\t\/\/ Set the number of items to show initially and load on each click\r\n\t\tvar itemsToShow = 15;\r\n\t\tvar itemsPerLoad = 3; \r\n\t\tvar currentIndex = itemsToShow;\r\n\t\r\n\t\t\/\/ Hide items beyond the initial count\r\n\t\t$('.th-faq-loop').slice(itemsToShow).hide();      \r\n\t\r\n\t\t\/\/ Attach a click event to the \"Load More\" button\r\n\t\t$('#load-more-faq-btn').on('click', function() {\r\n\t\t\t\/\/ Show the next batch of items\r\n\t\t\t$('.th-faq-loop').slice(currentIndex, currentIndex + itemsPerLoad).fadeIn();\r\n\t\t\t\r\n\t\t\t\/\/ Update the current index\r\n\t\t\tcurrentIndex += itemsPerLoad;\r\n\t\r\n\t\t\t\/\/ Hide the \"Load More\" button if all items are displayed\r\n\t\t\tif (currentIndex >= $('.th-faq-loop').length) {\r\n\t\t\t\t$('#load-more-faq-btn').hide();\r\n\t\t\t}\r\n\t\t});\r\n\t});\r\n<\/script>\r\n\r\n\t\t\t\t\t\t<\/div>\n\t\t\t\t<\/div>\n\t\t\t\t\t<\/div>\n\t\t\t\t<\/div>\n\t\t\t\t<\/div>\n\t\t\t\t<\/div>\n\t\t","protected":false},"excerpt":{"rendered":"<p>Preguntas Frecuentes (FAQ) \u00bfTiene preguntas para las que desea respuestas? 1. \u00bfCu\u00e1nto tiempo demora la instalaci\u00f3n de un aire acondicionado? La instalaci\u00f3n de un equipo split est\u00e1ndar suele llevar entre 3 y 4 horas, dependiendo de las caracter\u00edsticas del lugar. Nuestros t\u00e9cnicos trabajan para garantizar un servicio r\u00e1pido y de calidad. 2. \u00bfQu\u00e9 incluye el&#8230;<\/p>\n","protected":false},"author":2,"featured_media":2564,"parent":0,"menu_order":0,"comment_status":"closed","ping_status":"closed","template":"template-builder.php","meta":{"footnotes":""},"class_list":["post-39","page","type-page","status-publish","has-post-thumbnail","hentry"],"yoast_head":"<!-- This site is optimized with the Yoast SEO plugin v27.6 - https:\/\/yoast.com\/product\/yoast-seo-wordpress\/ -->\n<title>Preguntas Frecuentes - Soluciones en Climatizaci\u00f3n<\/title>\n<meta name=\"description\" content=\"Encuentra respuestas a las preguntas m\u00e1s frecuentes sobre los servicios de Soluciones en Climatizaci\u00f3n. Conoce sobre garant\u00edas y presupuestos\" \/>\n<meta name=\"robots\" content=\"index, follow, max-snippet:-1, max-image-preview:large, max-video-preview:-1\" \/>\n<link rel=\"canonical\" href=\"https:\/\/solucionesenclimatizacion.com.ar\/web\/preguntas-frecuentes\/\" \/>\n<meta property=\"og:locale\" content=\"es_ES\" \/>\n<meta property=\"og:type\" content=\"article\" \/>\n<meta property=\"og:title\" content=\"Preguntas Frecuentes - Soluciones en Climatizaci\u00f3n\" \/>\n<meta property=\"og:description\" content=\"Encuentra respuestas a las preguntas m\u00e1s frecuentes sobre los servicios de Soluciones en Climatizaci\u00f3n. Conoce sobre garant\u00edas y presupuestos\" \/>\n<meta property=\"og:url\" content=\"https:\/\/solucionesenclimatizacion.com.ar\/web\/preguntas-frecuentes\/\" \/>\n<meta property=\"og:site_name\" content=\"Soluciones en Climatizaci\u00f3n\" \/>\n<meta property=\"article:modified_time\" content=\"2025-01-05T16:45:06+00:00\" \/>\n<meta property=\"og:image\" content=\"https:\/\/solucionesenclimatizacion.com.ar\/web\/wp-content\/uploads\/2025\/01\/refrigeracion-26.jpeg\" \/>\n\t<meta property=\"og:image:width\" content=\"1600\" \/>\n\t<meta property=\"og:image:height\" content=\"1200\" \/>\n\t<meta property=\"og:image:type\" content=\"image\/jpeg\" \/>\n<meta name=\"twitter:card\" content=\"summary_large_image\" \/>\n<meta name=\"twitter:label1\" content=\"Tiempo de lectura\" \/>\n\t<meta name=\"twitter:data1\" content=\"2 minutos\" \/>\n<script type=\"application\/ld+json\" class=\"yoast-schema-graph\">{\"@context\":\"https:\\\/\\\/schema.org\",\"@graph\":[{\"@type\":\"WebPage\",\"@id\":\"https:\\\/\\\/solucionesenclimatizacion.com.ar\\\/web\\\/preguntas-frecuentes\\\/\",\"url\":\"https:\\\/\\\/solucionesenclimatizacion.com.ar\\\/web\\\/preguntas-frecuentes\\\/\",\"name\":\"Preguntas Frecuentes - Soluciones en Climatizaci\u00f3n\",\"isPartOf\":{\"@id\":\"https:\\\/\\\/solucionesenclimatizacion.com.ar\\\/web\\\/#website\"},\"primaryImageOfPage\":{\"@id\":\"https:\\\/\\\/solucionesenclimatizacion.com.ar\\\/web\\\/preguntas-frecuentes\\\/#primaryimage\"},\"image\":{\"@id\":\"https:\\\/\\\/solucionesenclimatizacion.com.ar\\\/web\\\/preguntas-frecuentes\\\/#primaryimage\"},\"thumbnailUrl\":\"https:\\\/\\\/solucionesenclimatizacion.com.ar\\\/web\\\/wp-content\\\/uploads\\\/2025\\\/01\\\/refrigeracion-26.jpeg\",\"datePublished\":\"2024-07-14T08:49:27+00:00\",\"dateModified\":\"2025-01-05T16:45:06+00:00\",\"description\":\"Encuentra respuestas a las preguntas m\u00e1s frecuentes sobre los servicios de Soluciones en Climatizaci\u00f3n. Conoce sobre garant\u00edas y presupuestos\",\"breadcrumb\":{\"@id\":\"https:\\\/\\\/solucionesenclimatizacion.com.ar\\\/web\\\/preguntas-frecuentes\\\/#breadcrumb\"},\"inLanguage\":\"es\",\"potentialAction\":[{\"@type\":\"ReadAction\",\"target\":[\"https:\\\/\\\/solucionesenclimatizacion.com.ar\\\/web\\\/preguntas-frecuentes\\\/\"]}]},{\"@type\":\"ImageObject\",\"inLanguage\":\"es\",\"@id\":\"https:\\\/\\\/solucionesenclimatizacion.com.ar\\\/web\\\/preguntas-frecuentes\\\/#primaryimage\",\"url\":\"https:\\\/\\\/solucionesenclimatizacion.com.ar\\\/web\\\/wp-content\\\/uploads\\\/2025\\\/01\\\/refrigeracion-26.jpeg\",\"contentUrl\":\"https:\\\/\\\/solucionesenclimatizacion.com.ar\\\/web\\\/wp-content\\\/uploads\\\/2025\\\/01\\\/refrigeracion-26.jpeg\",\"width\":1600,\"height\":1200,\"caption\":\"Servicio T\u00e9cnico de Aires y Heladeras en CABA y GBA\"},{\"@type\":\"BreadcrumbList\",\"@id\":\"https:\\\/\\\/solucionesenclimatizacion.com.ar\\\/web\\\/preguntas-frecuentes\\\/#breadcrumb\",\"itemListElement\":[{\"@type\":\"ListItem\",\"position\":1,\"name\":\"Portada\",\"item\":\"https:\\\/\\\/solucionesenclimatizacion.com.ar\\\/web\\\/\"},{\"@type\":\"ListItem\",\"position\":2,\"name\":\"Preguntas Frecuentes\"}]},{\"@type\":\"WebSite\",\"@id\":\"https:\\\/\\\/solucionesenclimatizacion.com.ar\\\/web\\\/#website\",\"url\":\"https:\\\/\\\/solucionesenclimatizacion.com.ar\\\/web\\\/\",\"name\":\"Soluciones en Climatizaci\u00f3n\",\"description\":\"\",\"potentialAction\":[{\"@type\":\"SearchAction\",\"target\":{\"@type\":\"EntryPoint\",\"urlTemplate\":\"https:\\\/\\\/solucionesenclimatizacion.com.ar\\\/web\\\/?s={search_term_string}\"},\"query-input\":{\"@type\":\"PropertyValueSpecification\",\"valueRequired\":true,\"valueName\":\"search_term_string\"}}],\"inLanguage\":\"es\"}]}<\/script>\n<!-- \/ Yoast SEO plugin. -->","yoast_head_json":{"title":"Preguntas Frecuentes - Soluciones en Climatizaci\u00f3n","description":"Encuentra respuestas a las preguntas m\u00e1s frecuentes sobre los servicios de Soluciones en Climatizaci\u00f3n. Conoce sobre garant\u00edas y presupuestos","robots":{"index":"index","follow":"follow","max-snippet":"max-snippet:-1","max-image-preview":"max-image-preview:large","max-video-preview":"max-video-preview:-1"},"canonical":"https:\/\/solucionesenclimatizacion.com.ar\/web\/preguntas-frecuentes\/","og_locale":"es_ES","og_type":"article","og_title":"Preguntas Frecuentes - Soluciones en Climatizaci\u00f3n","og_description":"Encuentra respuestas a las preguntas m\u00e1s frecuentes sobre los servicios de Soluciones en Climatizaci\u00f3n. Conoce sobre garant\u00edas y presupuestos","og_url":"https:\/\/solucionesenclimatizacion.com.ar\/web\/preguntas-frecuentes\/","og_site_name":"Soluciones en Climatizaci\u00f3n","article_modified_time":"2025-01-05T16:45:06+00:00","og_image":[{"width":1600,"height":1200,"url":"https:\/\/solucionesenclimatizacion.com.ar\/web\/wp-content\/uploads\/2025\/01\/refrigeracion-26.jpeg","type":"image\/jpeg"}],"twitter_card":"summary_large_image","twitter_misc":{"Tiempo de lectura":"2 minutos"},"schema":{"@context":"https:\/\/schema.org","@graph":[{"@type":"WebPage","@id":"https:\/\/solucionesenclimatizacion.com.ar\/web\/preguntas-frecuentes\/","url":"https:\/\/solucionesenclimatizacion.com.ar\/web\/preguntas-frecuentes\/","name":"Preguntas Frecuentes - Soluciones en Climatizaci\u00f3n","isPartOf":{"@id":"https:\/\/solucionesenclimatizacion.com.ar\/web\/#website"},"primaryImageOfPage":{"@id":"https:\/\/solucionesenclimatizacion.com.ar\/web\/preguntas-frecuentes\/#primaryimage"},"image":{"@id":"https:\/\/solucionesenclimatizacion.com.ar\/web\/preguntas-frecuentes\/#primaryimage"},"thumbnailUrl":"https:\/\/solucionesenclimatizacion.com.ar\/web\/wp-content\/uploads\/2025\/01\/refrigeracion-26.jpeg","datePublished":"2024-07-14T08:49:27+00:00","dateModified":"2025-01-05T16:45:06+00:00","description":"Encuentra respuestas a las preguntas m\u00e1s frecuentes sobre los servicios de Soluciones en Climatizaci\u00f3n. Conoce sobre garant\u00edas y presupuestos","breadcrumb":{"@id":"https:\/\/solucionesenclimatizacion.com.ar\/web\/preguntas-frecuentes\/#breadcrumb"},"inLanguage":"es","potentialAction":[{"@type":"ReadAction","target":["https:\/\/solucionesenclimatizacion.com.ar\/web\/preguntas-frecuentes\/"]}]},{"@type":"ImageObject","inLanguage":"es","@id":"https:\/\/solucionesenclimatizacion.com.ar\/web\/preguntas-frecuentes\/#primaryimage","url":"https:\/\/solucionesenclimatizacion.com.ar\/web\/wp-content\/uploads\/2025\/01\/refrigeracion-26.jpeg","contentUrl":"https:\/\/solucionesenclimatizacion.com.ar\/web\/wp-content\/uploads\/2025\/01\/refrigeracion-26.jpeg","width":1600,"height":1200,"caption":"Servicio T\u00e9cnico de Aires y Heladeras en CABA y GBA"},{"@type":"BreadcrumbList","@id":"https:\/\/solucionesenclimatizacion.com.ar\/web\/preguntas-frecuentes\/#breadcrumb","itemListElement":[{"@type":"ListItem","position":1,"name":"Portada","item":"https:\/\/solucionesenclimatizacion.com.ar\/web\/"},{"@type":"ListItem","position":2,"name":"Preguntas Frecuentes"}]},{"@type":"WebSite","@id":"https:\/\/solucionesenclimatizacion.com.ar\/web\/#website","url":"https:\/\/solucionesenclimatizacion.com.ar\/web\/","name":"Soluciones en Climatizaci\u00f3n","description":"","potentialAction":[{"@type":"SearchAction","target":{"@type":"EntryPoint","urlTemplate":"https:\/\/solucionesenclimatizacion.com.ar\/web\/?s={search_term_string}"},"query-input":{"@type":"PropertyValueSpecification","valueRequired":true,"valueName":"search_term_string"}}],"inLanguage":"es"}]}},"_links":{"self":[{"href":"https:\/\/solucionesenclimatizacion.com.ar\/web\/wp-json\/wp\/v2\/pages\/39","targetHints":{"allow":["GET"]}}],"collection":[{"href":"https:\/\/solucionesenclimatizacion.com.ar\/web\/wp-json\/wp\/v2\/pages"}],"about":[{"href":"https:\/\/solucionesenclimatizacion.com.ar\/web\/wp-json\/wp\/v2\/types\/page"}],"author":[{"embeddable":true,"href":"https:\/\/solucionesenclimatizacion.com.ar\/web\/wp-json\/wp\/v2\/users\/2"}],"replies":[{"embeddable":true,"href":"https:\/\/solucionesenclimatizacion.com.ar\/web\/wp-json\/wp\/v2\/comments?post=39"}],"version-history":[{"count":14,"href":"https:\/\/solucionesenclimatizacion.com.ar\/web\/wp-json\/wp\/v2\/pages\/39\/revisions"}],"predecessor-version":[{"id":2537,"href":"https:\/\/solucionesenclimatizacion.com.ar\/web\/wp-json\/wp\/v2\/pages\/39\/revisions\/2537"}],"wp:featuredmedia":[{"embeddable":true,"href":"https:\/\/solucionesenclimatizacion.com.ar\/web\/wp-json\/wp\/v2\/media\/2564"}],"wp:attachment":[{"href":"https:\/\/solucionesenclimatizacion.com.ar\/web\/wp-json\/wp\/v2\/media?parent=39"}],"curies":[{"name":"wp","href":"https:\/\/api.w.org\/{rel}","templated":true}]}}