{"id":48,"date":"2024-07-14T08:50:26","date_gmt":"2024-07-14T08:50:26","guid":{"rendered":"https:\/\/wordpress.themeholy.com\/rakar\/?page_id=48"},"modified":"2025-01-05T19:43:50","modified_gmt":"2025-01-05T19:43:50","slug":"contacto","status":"publish","type":"page","link":"https:\/\/solucionesenclimatizacion.com.ar\/web\/contacto\/","title":{"rendered":"Contacto"},"content":{"rendered":"\t\t<div data-elementor-type=\"wp-page\" data-elementor-id=\"48\" class=\"elementor elementor-48\">\n\t\t\t\t<div class=\"elementor-element elementor-element-ca60550 e-flex e-con-boxed e-con e-parent\" data-id=\"ca60550\" data-element_type=\"container\" data-e-type=\"container\">\n\t\t\t\t\t<div class=\"e-con-inner\">\n\t\t\t\t<div class=\"elementor-element elementor-element-66ae4cc elementor-widget elementor-widget-rakarsectiontitle\" data-id=\"66ae4cc\" data-element_type=\"widget\" data-e-type=\"widget\" data-widget_type=\"rakarsectiontitle.default\">\n\t\t\t\t<div class=\"elementor-widget-container\">\n\t\t\t\t\t\t\t<div class=\"title-area text-center \">\r\n\t\t\t<span class=\"sub-title \"><img decoding=\"async\" src=\"https:\/\/solucionesenclimatizacion.com.ar\/web\/wp-content\/plugins\/rakar-core\/assets\/img\/title_icon.svg\" alt=\"Shape\">Ponte en contacto<\/span><h2 class=\"sec-title \">Nuestra informaci\u00f3n de contacto<\/h2>\t\t<\/div>\r\n\r\n\t\t\t\t\t<\/div>\n\t\t\t\t<\/div>\n\t\t\t\t<div class=\"elementor-element elementor-element-64faaca elementor-widget elementor-widget-rakarcontactinfo\" data-id=\"64faaca\" data-element_type=\"widget\" data-e-type=\"widget\" data-widget_type=\"rakarcontactinfo.default\">\n\t\t\t\t<div class=\"elementor-widget-container\">\n\t\t\t\t\t<div class=\"row gy-4\"><div class=\"col-xl-4 col-md-6\"><div class=\"team-contact\"><div class=\"icon-btn\"><i class=\"fas fa-location-dot\"><\/i><\/div><div class=\"media-body\"><h5 class=\"box-title label\">Direcci\u00f3n<\/h5><p class=\"box-text\">Pi y Margall 1048 C1165AFB CABA.<\/p><\/div><\/div><\/div><div class=\"col-xl-4 col-md-6\"><div class=\"team-contact\"><div class=\"icon-btn\"><i class=\"fas fa-phone\"><\/i><\/div><div class=\"media-body\"><h5 class=\"box-title label\">Telefono<\/h5><p class=\"box-text\"><a href=\"tel:1166577026\">+54 9 11 6657-7026<\/a><\/p><\/div><\/div><\/div><div class=\"col-xl-4 col-md-6\"><div class=\"team-contact\"><div class=\"icon-btn\"><i class=\"fas fa-phone\"><\/i><\/div><div class=\"media-body\"><h5 class=\"box-title label\">Whatsapp<\/h5><p class=\"box-text\"><a href=\"https:\/\/api.whatsapp.com\/send?phone=5491133151975\">+54 9 11 3315-1975<\/a><\/p><\/div><\/div><\/div><\/div>\t\t\t\t<\/div>\n\t\t\t\t<\/div>\n\t\t\t\t\t<\/div>\n\t\t\t\t<\/div>\n\t\t<div class=\"elementor-element elementor-element-a29b2eb e-flex e-con-boxed e-con e-parent\" data-id=\"a29b2eb\" data-element_type=\"container\" data-e-type=\"container\" data-settings=\"{&quot;background_background&quot;:&quot;classic&quot;}\">\n\t\t\t\t\t<div class=\"e-con-inner\">\n\t\t<div class=\"elementor-element elementor-element-55feed1 e-con-full e-flex e-con e-child\" data-id=\"55feed1\" data-element_type=\"container\" data-e-type=\"container\">\n\t\t\t\t<div class=\"elementor-element elementor-element-62347f2 elementor-widget elementor-widget-rakarcontactform\" data-id=\"62347f2\" data-element_type=\"widget\" data-e-type=\"widget\" data-widget_type=\"rakarcontactform.default\">\n\t\t\t\t<div class=\"elementor-widget-container\">\n\t\t\t\t\t<div class=\"text-center text-xl-start\"><div class=\"contact-form ajax-contact\"><h2 class=\"sec-title\">Consultas<\/h2>\n<div class=\"wpcf7 no-js\" id=\"wpcf7-f523-o1\" lang=\"en-US\" dir=\"ltr\" data-wpcf7-id=\"523\">\n<div class=\"screen-reader-response\"><p role=\"status\" aria-live=\"polite\" aria-atomic=\"true\"><\/p> <ul><\/ul><\/div>\n<form action=\"\/web\/wp-json\/wp\/v2\/pages\/48#wpcf7-f523-o1\" method=\"post\" class=\"wpcf7-form init\" aria-label=\"Contact form\" novalidate=\"novalidate\" data-status=\"init\">\n<fieldset class=\"hidden-fields-container\"><input type=\"hidden\" name=\"_wpcf7\" value=\"523\" \/><input type=\"hidden\" name=\"_wpcf7_version\" value=\"6.1.5\" \/><input type=\"hidden\" name=\"_wpcf7_locale\" value=\"en_US\" \/><input type=\"hidden\" name=\"_wpcf7_unit_tag\" value=\"wpcf7-f523-o1\" \/><input type=\"hidden\" name=\"_wpcf7_container_post\" value=\"0\" \/><input type=\"hidden\" name=\"_wpcf7_posted_data_hash\" value=\"\" \/><input type=\"hidden\" name=\"_wpcf7_recaptcha_response\" value=\"\" \/>\n<\/fieldset>\n<div class=\"row\">\n\t<div class=\"form-group col-md-6\">\n<span class=\"wpcf7-form-control-wrap\" data-name=\"text-63\"><input size=\"40\" maxlength=\"400\" class=\"wpcf7-form-control wpcf7-text wpcf7-validates-as-required form-control\" aria-required=\"true\" aria-invalid=\"false\" placeholder=\"Nombre\" value=\"\" type=\"text\" name=\"text-63\" \/><\/span>\n\t\t<i class=\"fal fa-user\"><\/i>\n\t<\/div>\n\t<div class=\"form-group col-md-6\">\n<span class=\"wpcf7-form-control-wrap\" data-name=\"email-81\"><input size=\"40\" maxlength=\"400\" class=\"wpcf7-form-control wpcf7-email wpcf7-validates-as-required wpcf7-text wpcf7-validates-as-email form-control\" aria-required=\"true\" aria-invalid=\"false\" placeholder=\"Email\" value=\"\" type=\"email\" name=\"email-81\" \/><\/span>\n\t\t<i class=\"fal fa-envelope\"><\/i>\n\t<\/div>\n\t<div class=\"form-group col-md-6\">\n<span class=\"wpcf7-form-control-wrap\" data-name=\"number-97\"><input class=\"wpcf7-form-control wpcf7-number wpcf7-validates-as-required wpcf7-validates-as-number form-control\" aria-required=\"true\" aria-invalid=\"false\" placeholder=\"Telefono\" value=\"\" type=\"number\" name=\"number-97\" \/><\/span>\n\t\t<i class=\"fal fa-phone\"><\/i>\n\t<\/div>\n\t<div class=\"form-group col-md-6\">\n<span class=\"wpcf7-form-control-wrap\" data-name=\"menu-115\"><select class=\"wpcf7-form-control wpcf7-select wpcf7-validates-as-required form-select nice-select\" id=\"subject\" aria-required=\"true\" aria-invalid=\"false\" name=\"menu-115\"><option value=\"Consulta\">Consulta<\/option><option value=\"Instalaci\u00f3n de aires acondicionado\">Instalaci\u00f3n de aires acondicionado<\/option><option value=\"Reparaci\u00f3n de aires acondicionado\">Reparaci\u00f3n de aires acondicionado<\/option><option value=\"Mantenimiento de aires acondicionado\">Mantenimiento de aires acondicionado<\/option><option value=\"Reparaci\u00f3n de heladeras\">Reparaci\u00f3n de heladeras<\/option><option value=\"EMERGENCIA\">EMERGENCIA<\/option><\/select><\/span>\n\t\t<i class=\"fal fa-chevron-down\"><\/i>\n\t<\/div>\n\t<div class=\"form-group col-12\">\n<span class=\"wpcf7-form-control-wrap\" data-name=\"textarea-17\"><textarea cols=\"40\" rows=\"10\" maxlength=\"2000\" class=\"wpcf7-form-control wpcf7-textarea wpcf7-validates-as-required form-control\" aria-required=\"true\" aria-invalid=\"false\" placeholder=\"Mensaje\" name=\"textarea-17\"><\/textarea><\/span>\n\t\t<i class=\"fal fa-pencil\"><\/i>\n\t<\/div>\n\t<div class=\"form-btn col-12\">\n<button class=\"th-btn\">Enviar<i class=\"far fa-arrow-right ms-2\"><\/i><\/button>\n\t<\/div>\n<\/div>\n<p class=\"form-messages mb-0 mt-3\"><\/p><div class=\"wpcf7-response-output\" aria-hidden=\"true\"><\/div>\n<\/form>\n<\/div>\n<\/div><\/div>\t\t\t\t<\/div>\n\t\t\t\t<\/div>\n\t\t\t\t<\/div>\n\t\t<div class=\"elementor-element elementor-element-3e6da81 e-con-full e-flex e-con e-child\" data-id=\"3e6da81\" data-element_type=\"container\" data-e-type=\"container\">\n\t\t\t\t<\/div>\n\t\t\t\t\t<\/div>\n\t\t\t\t<\/div>\n\t\t<div class=\"elementor-element elementor-element-6ac6145 e-con-full e-flex e-con e-parent\" data-id=\"6ac6145\" data-element_type=\"container\" data-e-type=\"container\">\n\t\t\t\t<div class=\"elementor-element elementor-element-a99529c elementor-widget elementor-widget-google_maps\" data-id=\"a99529c\" data-element_type=\"widget\" data-e-type=\"widget\" data-widget_type=\"google_maps.default\">\n\t\t\t\t<div class=\"elementor-widget-container\">\n\t\t\t\t\t\t\t<div class=\"elementor-custom-embed\">\n\t\t\t<iframe loading=\"lazy\"\n\t\t\t\t\tsrc=\"https:\/\/maps.google.com\/maps?q=Pi%20y%20Margall%201048%20C1165AFB%20CABA&#038;t=m&#038;z=15&#038;output=embed&#038;iwloc=near\"\n\t\t\t\t\ttitle=\"Pi y Margall 1048 C1165AFB CABA\"\n\t\t\t\t\taria-label=\"Pi y Margall 1048 C1165AFB CABA\"\n\t\t\t><\/iframe>\n\t\t<\/div>\n\t\t\t\t\t\t<\/div>\n\t\t\t\t<\/div>\n\t\t\t\t<\/div>\n\t\t\t\t<\/div>\n\t\t","protected":false},"excerpt":{"rendered":"<p>Ponte en contacto Nuestra informaci\u00f3n de contacto Direcci\u00f3n Pi y Margall 1048 C1165AFB CABA. Telefono +54 9 11 6657-7026 Whatsapp +54 9 11 3315-1975 Consultas ConsultaInstalaci\u00f3n de aires acondicionadoReparaci\u00f3n de aires acondicionadoMantenimiento de aires acondicionadoReparaci\u00f3n de heladerasEMERGENCIA Enviar<\/p>\n","protected":false},"author":2,"featured_media":0,"parent":0,"menu_order":0,"comment_status":"closed","ping_status":"closed","template":"template-builder.php","meta":{"footnotes":""},"class_list":["post-48","page","type-page","status-publish","hentry"],"yoast_head":"<!-- This site is optimized with the Yoast SEO plugin v27.6 - https:\/\/yoast.com\/product\/yoast-seo-wordpress\/ -->\n<title>Contacto - Soluciones en Climatizaci\u00f3n<\/title>\n<meta name=\"description\" content=\"Ll\u00e1manos o escr\u00edbenos por WhatsApp para recibir atenci\u00f3n r\u00e1pida en Capital Federal y Gran Buenos Aires. \u00a1Estamos aqu\u00ed para ayudarte!\" \/>\n<meta name=\"robots\" content=\"index, follow, max-snippet:-1, max-image-preview:large, max-video-preview:-1\" \/>\n<link rel=\"canonical\" href=\"https:\/\/solucionesenclimatizacion.com.ar\/web\/contacto\/\" \/>\n<meta property=\"og:locale\" content=\"es_ES\" \/>\n<meta property=\"og:type\" content=\"article\" \/>\n<meta property=\"og:title\" content=\"Contacto - Soluciones en Climatizaci\u00f3n\" \/>\n<meta property=\"og:description\" content=\"Ll\u00e1manos o escr\u00edbenos por WhatsApp para recibir atenci\u00f3n r\u00e1pida en Capital Federal y Gran Buenos Aires. \u00a1Estamos aqu\u00ed para ayudarte!\" \/>\n<meta property=\"og:url\" content=\"https:\/\/solucionesenclimatizacion.com.ar\/web\/contacto\/\" \/>\n<meta property=\"og:site_name\" content=\"Soluciones en Climatizaci\u00f3n\" \/>\n<meta property=\"article:modified_time\" content=\"2025-01-05T19:43:50+00:00\" \/>\n<meta property=\"og:image\" content=\"https:\/\/solucionesenclimatizacion.com.ar\/web\/wp-content\/plugins\/rakar-core\/assets\/img\/title_icon.svg\" \/>\n<meta name=\"twitter:card\" content=\"summary_large_image\" \/>\n<meta name=\"twitter:label1\" content=\"Tiempo de lectura\" \/>\n\t<meta name=\"twitter:data1\" content=\"1 minuto\" \/>\n<script type=\"application\/ld+json\" class=\"yoast-schema-graph\">{\"@context\":\"https:\\\/\\\/schema.org\",\"@graph\":[{\"@type\":\"WebPage\",\"@id\":\"https:\\\/\\\/solucionesenclimatizacion.com.ar\\\/web\\\/contacto\\\/\",\"url\":\"https:\\\/\\\/solucionesenclimatizacion.com.ar\\\/web\\\/contacto\\\/\",\"name\":\"Contacto - Soluciones en Climatizaci\u00f3n\",\"isPartOf\":{\"@id\":\"https:\\\/\\\/solucionesenclimatizacion.com.ar\\\/web\\\/#website\"},\"primaryImageOfPage\":{\"@id\":\"https:\\\/\\\/solucionesenclimatizacion.com.ar\\\/web\\\/contacto\\\/#primaryimage\"},\"image\":{\"@id\":\"https:\\\/\\\/solucionesenclimatizacion.com.ar\\\/web\\\/contacto\\\/#primaryimage\"},\"thumbnailUrl\":\"https:\\\/\\\/solucionesenclimatizacion.com.ar\\\/web\\\/wp-content\\\/plugins\\\/rakar-core\\\/assets\\\/img\\\/title_icon.svg\",\"datePublished\":\"2024-07-14T08:50:26+00:00\",\"dateModified\":\"2025-01-05T19:43:50+00:00\",\"description\":\"Ll\u00e1manos o escr\u00edbenos por WhatsApp para recibir atenci\u00f3n r\u00e1pida en Capital Federal y Gran Buenos Aires. \u00a1Estamos aqu\u00ed para ayudarte!\",\"breadcrumb\":{\"@id\":\"https:\\\/\\\/solucionesenclimatizacion.com.ar\\\/web\\\/contacto\\\/#breadcrumb\"},\"inLanguage\":\"es\",\"potentialAction\":[{\"@type\":\"ReadAction\",\"target\":[\"https:\\\/\\\/solucionesenclimatizacion.com.ar\\\/web\\\/contacto\\\/\"]}]},{\"@type\":\"ImageObject\",\"inLanguage\":\"es\",\"@id\":\"https:\\\/\\\/solucionesenclimatizacion.com.ar\\\/web\\\/contacto\\\/#primaryimage\",\"url\":\"https:\\\/\\\/solucionesenclimatizacion.com.ar\\\/web\\\/wp-content\\\/plugins\\\/rakar-core\\\/assets\\\/img\\\/title_icon.svg\",\"contentUrl\":\"https:\\\/\\\/solucionesenclimatizacion.com.ar\\\/web\\\/wp-content\\\/plugins\\\/rakar-core\\\/assets\\\/img\\\/title_icon.svg\"},{\"@type\":\"BreadcrumbList\",\"@id\":\"https:\\\/\\\/solucionesenclimatizacion.com.ar\\\/web\\\/contacto\\\/#breadcrumb\",\"itemListElement\":[{\"@type\":\"ListItem\",\"position\":1,\"name\":\"Portada\",\"item\":\"https:\\\/\\\/solucionesenclimatizacion.com.ar\\\/web\\\/\"},{\"@type\":\"ListItem\",\"position\":2,\"name\":\"Contacto\"}]},{\"@type\":\"WebSite\",\"@id\":\"https:\\\/\\\/solucionesenclimatizacion.com.ar\\\/web\\\/#website\",\"url\":\"https:\\\/\\\/solucionesenclimatizacion.com.ar\\\/web\\\/\",\"name\":\"Soluciones en Climatizaci\u00f3n\",\"description\":\"\",\"potentialAction\":[{\"@type\":\"SearchAction\",\"target\":{\"@type\":\"EntryPoint\",\"urlTemplate\":\"https:\\\/\\\/solucionesenclimatizacion.com.ar\\\/web\\\/?s={search_term_string}\"},\"query-input\":{\"@type\":\"PropertyValueSpecification\",\"valueRequired\":true,\"valueName\":\"search_term_string\"}}],\"inLanguage\":\"es\"}]}<\/script>\n<!-- \/ Yoast SEO plugin. -->","yoast_head_json":{"title":"Contacto - Soluciones en Climatizaci\u00f3n","description":"Ll\u00e1manos o escr\u00edbenos por WhatsApp para recibir atenci\u00f3n r\u00e1pida en Capital Federal y Gran Buenos Aires. \u00a1Estamos aqu\u00ed para ayudarte!","robots":{"index":"index","follow":"follow","max-snippet":"max-snippet:-1","max-image-preview":"max-image-preview:large","max-video-preview":"max-video-preview:-1"},"canonical":"https:\/\/solucionesenclimatizacion.com.ar\/web\/contacto\/","og_locale":"es_ES","og_type":"article","og_title":"Contacto - Soluciones en Climatizaci\u00f3n","og_description":"Ll\u00e1manos o escr\u00edbenos por WhatsApp para recibir atenci\u00f3n r\u00e1pida en Capital Federal y Gran Buenos Aires. \u00a1Estamos aqu\u00ed para ayudarte!","og_url":"https:\/\/solucionesenclimatizacion.com.ar\/web\/contacto\/","og_site_name":"Soluciones en Climatizaci\u00f3n","article_modified_time":"2025-01-05T19:43:50+00:00","og_image":[{"url":"https:\/\/solucionesenclimatizacion.com.ar\/web\/wp-content\/plugins\/rakar-core\/assets\/img\/title_icon.svg","type":"","width":"","height":""}],"twitter_card":"summary_large_image","twitter_misc":{"Tiempo de lectura":"1 minuto"},"schema":{"@context":"https:\/\/schema.org","@graph":[{"@type":"WebPage","@id":"https:\/\/solucionesenclimatizacion.com.ar\/web\/contacto\/","url":"https:\/\/solucionesenclimatizacion.com.ar\/web\/contacto\/","name":"Contacto - Soluciones en Climatizaci\u00f3n","isPartOf":{"@id":"https:\/\/solucionesenclimatizacion.com.ar\/web\/#website"},"primaryImageOfPage":{"@id":"https:\/\/solucionesenclimatizacion.com.ar\/web\/contacto\/#primaryimage"},"image":{"@id":"https:\/\/solucionesenclimatizacion.com.ar\/web\/contacto\/#primaryimage"},"thumbnailUrl":"https:\/\/solucionesenclimatizacion.com.ar\/web\/wp-content\/plugins\/rakar-core\/assets\/img\/title_icon.svg","datePublished":"2024-07-14T08:50:26+00:00","dateModified":"2025-01-05T19:43:50+00:00","description":"Ll\u00e1manos o escr\u00edbenos por WhatsApp para recibir atenci\u00f3n r\u00e1pida en Capital Federal y Gran Buenos Aires. \u00a1Estamos aqu\u00ed para ayudarte!","breadcrumb":{"@id":"https:\/\/solucionesenclimatizacion.com.ar\/web\/contacto\/#breadcrumb"},"inLanguage":"es","potentialAction":[{"@type":"ReadAction","target":["https:\/\/solucionesenclimatizacion.com.ar\/web\/contacto\/"]}]},{"@type":"ImageObject","inLanguage":"es","@id":"https:\/\/solucionesenclimatizacion.com.ar\/web\/contacto\/#primaryimage","url":"https:\/\/solucionesenclimatizacion.com.ar\/web\/wp-content\/plugins\/rakar-core\/assets\/img\/title_icon.svg","contentUrl":"https:\/\/solucionesenclimatizacion.com.ar\/web\/wp-content\/plugins\/rakar-core\/assets\/img\/title_icon.svg"},{"@type":"BreadcrumbList","@id":"https:\/\/solucionesenclimatizacion.com.ar\/web\/contacto\/#breadcrumb","itemListElement":[{"@type":"ListItem","position":1,"name":"Portada","item":"https:\/\/solucionesenclimatizacion.com.ar\/web\/"},{"@type":"ListItem","position":2,"name":"Contacto"}]},{"@type":"WebSite","@id":"https:\/\/solucionesenclimatizacion.com.ar\/web\/#website","url":"https:\/\/solucionesenclimatizacion.com.ar\/web\/","name":"Soluciones en Climatizaci\u00f3n","description":"","potentialAction":[{"@type":"SearchAction","target":{"@type":"EntryPoint","urlTemplate":"https:\/\/solucionesenclimatizacion.com.ar\/web\/?s={search_term_string}"},"query-input":{"@type":"PropertyValueSpecification","valueRequired":true,"valueName":"search_term_string"}}],"inLanguage":"es"}]}},"_links":{"self":[{"href":"https:\/\/solucionesenclimatizacion.com.ar\/web\/wp-json\/wp\/v2\/pages\/48","targetHints":{"allow":["GET"]}}],"collection":[{"href":"https:\/\/solucionesenclimatizacion.com.ar\/web\/wp-json\/wp\/v2\/pages"}],"about":[{"href":"https:\/\/solucionesenclimatizacion.com.ar\/web\/wp-json\/wp\/v2\/types\/page"}],"author":[{"embeddable":true,"href":"https:\/\/solucionesenclimatizacion.com.ar\/web\/wp-json\/wp\/v2\/users\/2"}],"replies":[{"embeddable":true,"href":"https:\/\/solucionesenclimatizacion.com.ar\/web\/wp-json\/wp\/v2\/comments?post=48"}],"version-history":[{"count":14,"href":"https:\/\/solucionesenclimatizacion.com.ar\/web\/wp-json\/wp\/v2\/pages\/48\/revisions"}],"predecessor-version":[{"id":2709,"href":"https:\/\/solucionesenclimatizacion.com.ar\/web\/wp-json\/wp\/v2\/pages\/48\/revisions\/2709"}],"wp:attachment":[{"href":"https:\/\/solucionesenclimatizacion.com.ar\/web\/wp-json\/wp\/v2\/media?parent=48"}],"curies":[{"name":"wp","href":"https:\/\/api.w.org\/{rel}","templated":true}]}}